{"id":2,"date":"2024-02-04T10:22:20","date_gmt":"2024-02-04T09:22:20","guid":{"rendered":"https:\/\/www.verreapresverre.com\/blog\/?page_id=2"},"modified":"2024-07-24T16:03:36","modified_gmt":"2024-07-24T14:03:36","slug":"blog-collection-verre-apres-verre","status":"publish","type":"page","link":"https:\/\/www.verreapresverre.com\/blog\/","title":{"rendered":"Accueil Blog Collection Verre Apr\u00e8s Verre"},"content":{"rendered":"<h1>Le Blog Collection Verre Apr\u00e8s Verre<\/h1>\n<p>Retrouvez toutes l&rsquo;actualit\u00e9s autour du <a href=\"https:\/\/www.verreapresverre.com\/content\/7-tout-savoir-sur-le-vin-en-bag-in-box\"><strong><span style=\"color: #ffffff;\">Bag in Box<\/span><\/strong><\/a><\/p>\n","protected":false},"excerpt":{"rendered":"<p>Le Blog Collection Verre Apr\u00e8s Verre Retrouvez toutes l&rsquo;actualit\u00e9s autour du Bag in Box<\/p>\n","protected":false},"author":1,"featured_media":35,"parent":0,"menu_order":0,"comment_status":"closed","ping_status":"open","template":"","meta":{"_acf_changed":false,"inline_featured_image":false,"footnotes":""},"tags":[],"acf":[],"yoast_head":"<!-- This site is optimized with the Yoast SEO plugin v23.0 - https:\/\/yoast.com\/wordpress\/plugins\/seo\/ -->\n<title>Accueil Blog Collection Verre Apr\u00e8s Verre - Le Blog Verre Apr\u00e8s Verre<\/title>\n<meta name=\"description\" content=\"D\u00e9couvrez toute l&#039;actualit\u00e9 autour du Bag In Box et sur notre collection sur notre blog Collection Verre Apr\u00e8s Verre, bonne lecture !\" \/>\n<meta name=\"robots\" content=\"index, follow, max-snippet:-1, max-image-preview:large, max-video-preview:-1\" \/>\n<link rel=\"canonical\" href=\"https:\/\/www.verreapresverre.com\/blog\/\" \/>\n<meta property=\"og:locale\" content=\"fr_FR\" \/>\n<meta property=\"og:type\" content=\"article\" \/>\n<meta property=\"og:title\" content=\"Accueil Blog Collection Verre Apr\u00e8s Verre - Le Blog Verre Apr\u00e8s Verre\" \/>\n<meta property=\"og:description\" content=\"D\u00e9couvrez toute l&#039;actualit\u00e9 autour du Bag In Box et sur notre collection sur notre blog Collection Verre Apr\u00e8s Verre, bonne lecture !\" \/>\n<meta property=\"og:url\" content=\"https:\/\/www.verreapresverre.com\/blog\/\" \/>\n<meta property=\"og:site_name\" content=\"Le Blog Verre Apr\u00e8s Verre\" \/>\n<meta property=\"article:publisher\" content=\"https:\/\/www.facebook.com\/collectionverreapresverre\" \/>\n<meta property=\"article:modified_time\" content=\"2024-07-24T14:03:36+00:00\" \/>\n<meta property=\"og:image\" content=\"https:\/\/www.verreapresverre.com\/blog\/wp-content\/uploads\/2024\/02\/b51cb1ed753deb973d18362ce0bdeae14c423e48_Vins-de-qualite.jpg\" \/>\n\t<meta property=\"og:image:width\" content=\"2050\" \/>\n\t<meta property=\"og:image:height\" content=\"600\" \/>\n\t<meta property=\"og:image:type\" content=\"image\/jpeg\" \/>\n<meta name=\"twitter:card\" content=\"summary_large_image\" \/>\n<meta name=\"twitter:label1\" content=\"Est. reading time\" \/>\n\t<meta name=\"twitter:data1\" content=\"1 minute\" \/>\n<script type=\"application\/ld+json\" class=\"yoast-schema-graph\">{\"@context\":\"https:\/\/schema.org\",\"@graph\":[{\"@type\":\"WebPage\",\"@id\":\"https:\/\/www.verreapresverre.com\/blog\/\",\"url\":\"https:\/\/www.verreapresverre.com\/blog\/\",\"name\":\"Accueil Blog Collection Verre Apr\u00e8s Verre - Le Blog Verre Apr\u00e8s Verre\",\"isPartOf\":{\"@id\":\"https:\/\/www.verreapresverre.com\/blog\/#website\"},\"primaryImageOfPage\":{\"@id\":\"https:\/\/www.verreapresverre.com\/blog\/#primaryimage\"},\"image\":{\"@id\":\"https:\/\/www.verreapresverre.com\/blog\/#primaryimage\"},\"thumbnailUrl\":\"https:\/\/www.verreapresverre.com\/blog\/wp-content\/uploads\/2024\/02\/b51cb1ed753deb973d18362ce0bdeae14c423e48_Vins-de-qualite.jpg\",\"datePublished\":\"2024-02-04T09:22:20+00:00\",\"dateModified\":\"2024-07-24T14:03:36+00:00\",\"description\":\"D\u00e9couvrez toute l'actualit\u00e9 autour du Bag In Box et sur notre collection sur notre blog Collection Verre Apr\u00e8s Verre, bonne lecture !\",\"breadcrumb\":{\"@id\":\"https:\/\/www.verreapresverre.com\/blog\/#breadcrumb\"},\"inLanguage\":\"fr-FR\",\"potentialAction\":[{\"@type\":\"ReadAction\",\"target\":[\"https:\/\/www.verreapresverre.com\/blog\/\"]}]},{\"@type\":\"ImageObject\",\"inLanguage\":\"fr-FR\",\"@id\":\"https:\/\/www.verreapresverre.com\/blog\/#primaryimage\",\"url\":\"https:\/\/www.verreapresverre.com\/blog\/wp-content\/uploads\/2024\/02\/b51cb1ed753deb973d18362ce0bdeae14c423e48_Vins-de-qualite.jpg\",\"contentUrl\":\"https:\/\/www.verreapresverre.com\/blog\/wp-content\/uploads\/2024\/02\/b51cb1ed753deb973d18362ce0bdeae14c423e48_Vins-de-qualite.jpg\",\"width\":2050,\"height\":600},{\"@type\":\"BreadcrumbList\",\"@id\":\"https:\/\/www.verreapresverre.com\/blog\/#breadcrumb\",\"itemListElement\":[{\"@type\":\"ListItem\",\"position\":1,\"name\":\"Blog\",\"item\":\"https:\/\/www.verreapresverre.com\/blog\/\"},{\"@type\":\"ListItem\",\"position\":2,\"name\":\"Accueil Blog Collection Verre Apr\u00e8s Verre\"}]},{\"@type\":\"WebSite\",\"@id\":\"https:\/\/www.verreapresverre.com\/blog\/#website\",\"url\":\"https:\/\/www.verreapresverre.com\/blog\/\",\"name\":\"Le Blog Verre Apr\u00e8s Verre\",\"description\":\"\",\"publisher\":{\"@id\":\"https:\/\/www.verreapresverre.com\/blog\/#organization\"},\"potentialAction\":[{\"@type\":\"SearchAction\",\"target\":{\"@type\":\"EntryPoint\",\"urlTemplate\":\"https:\/\/www.verreapresverre.com\/blog\/?s={search_term_string}\"},\"query-input\":\"required name=search_term_string\"}],\"inLanguage\":\"fr-FR\"},{\"@type\":\"Organization\",\"@id\":\"https:\/\/www.verreapresverre.com\/blog\/#organization\",\"name\":\"Le Blog Verre Apr\u00e8s Verre\",\"url\":\"https:\/\/www.verreapresverre.com\/blog\/\",\"logo\":{\"@type\":\"ImageObject\",\"inLanguage\":\"fr-FR\",\"@id\":\"https:\/\/www.verreapresverre.com\/blog\/#\/schema\/logo\/image\/\",\"url\":\"https:\/\/www.verreapresverre.com\/blog\/wp-content\/uploads\/2024\/02\/vav.jpg\",\"contentUrl\":\"https:\/\/www.verreapresverre.com\/blog\/wp-content\/uploads\/2024\/02\/vav.jpg\",\"width\":112,\"height\":112,\"caption\":\"Le Blog Verre Apr\u00e8s Verre\"},\"image\":{\"@id\":\"https:\/\/www.verreapresverre.com\/blog\/#\/schema\/logo\/image\/\"},\"sameAs\":[\"https:\/\/www.facebook.com\/collectionverreapresverre\"]}]}<\/script>\n<!-- \/ Yoast SEO plugin. -->","yoast_head_json":{"title":"Accueil Blog Collection Verre Apr\u00e8s Verre - Le Blog Verre Apr\u00e8s Verre","description":"D\u00e9couvrez toute l'actualit\u00e9 autour du Bag In Box et sur notre collection sur notre blog Collection Verre Apr\u00e8s Verre, bonne lecture !","robots":{"index":"index","follow":"follow","max-snippet":"max-snippet:-1","max-image-preview":"max-image-preview:large","max-video-preview":"max-video-preview:-1"},"canonical":"https:\/\/www.verreapresverre.com\/blog\/","og_locale":"fr_FR","og_type":"article","og_title":"Accueil Blog Collection Verre Apr\u00e8s Verre - Le Blog Verre Apr\u00e8s Verre","og_description":"D\u00e9couvrez toute l'actualit\u00e9 autour du Bag In Box et sur notre collection sur notre blog Collection Verre Apr\u00e8s Verre, bonne lecture !","og_url":"https:\/\/www.verreapresverre.com\/blog\/","og_site_name":"Le Blog Verre Apr\u00e8s Verre","article_publisher":"https:\/\/www.facebook.com\/collectionverreapresverre","article_modified_time":"2024-07-24T14:03:36+00:00","og_image":[{"width":2050,"height":600,"url":"https:\/\/www.verreapresverre.com\/blog\/wp-content\/uploads\/2024\/02\/b51cb1ed753deb973d18362ce0bdeae14c423e48_Vins-de-qualite.jpg","type":"image\/jpeg"}],"twitter_card":"summary_large_image","twitter_misc":{"Est. reading time":"1 minute"},"schema":{"@context":"https:\/\/schema.org","@graph":[{"@type":"WebPage","@id":"https:\/\/www.verreapresverre.com\/blog\/","url":"https:\/\/www.verreapresverre.com\/blog\/","name":"Accueil Blog Collection Verre Apr\u00e8s Verre - Le Blog Verre Apr\u00e8s Verre","isPartOf":{"@id":"https:\/\/www.verreapresverre.com\/blog\/#website"},"primaryImageOfPage":{"@id":"https:\/\/www.verreapresverre.com\/blog\/#primaryimage"},"image":{"@id":"https:\/\/www.verreapresverre.com\/blog\/#primaryimage"},"thumbnailUrl":"https:\/\/www.verreapresverre.com\/blog\/wp-content\/uploads\/2024\/02\/b51cb1ed753deb973d18362ce0bdeae14c423e48_Vins-de-qualite.jpg","datePublished":"2024-02-04T09:22:20+00:00","dateModified":"2024-07-24T14:03:36+00:00","description":"D\u00e9couvrez toute l'actualit\u00e9 autour du Bag In Box et sur notre collection sur notre blog Collection Verre Apr\u00e8s Verre, bonne lecture !","breadcrumb":{"@id":"https:\/\/www.verreapresverre.com\/blog\/#breadcrumb"},"inLanguage":"fr-FR","potentialAction":[{"@type":"ReadAction","target":["https:\/\/www.verreapresverre.com\/blog\/"]}]},{"@type":"ImageObject","inLanguage":"fr-FR","@id":"https:\/\/www.verreapresverre.com\/blog\/#primaryimage","url":"https:\/\/www.verreapresverre.com\/blog\/wp-content\/uploads\/2024\/02\/b51cb1ed753deb973d18362ce0bdeae14c423e48_Vins-de-qualite.jpg","contentUrl":"https:\/\/www.verreapresverre.com\/blog\/wp-content\/uploads\/2024\/02\/b51cb1ed753deb973d18362ce0bdeae14c423e48_Vins-de-qualite.jpg","width":2050,"height":600},{"@type":"BreadcrumbList","@id":"https:\/\/www.verreapresverre.com\/blog\/#breadcrumb","itemListElement":[{"@type":"ListItem","position":1,"name":"Blog","item":"https:\/\/www.verreapresverre.com\/blog\/"},{"@type":"ListItem","position":2,"name":"Accueil Blog Collection Verre Apr\u00e8s Verre"}]},{"@type":"WebSite","@id":"https:\/\/www.verreapresverre.com\/blog\/#website","url":"https:\/\/www.verreapresverre.com\/blog\/","name":"Le Blog Verre Apr\u00e8s Verre","description":"","publisher":{"@id":"https:\/\/www.verreapresverre.com\/blog\/#organization"},"potentialAction":[{"@type":"SearchAction","target":{"@type":"EntryPoint","urlTemplate":"https:\/\/www.verreapresverre.com\/blog\/?s={search_term_string}"},"query-input":"required name=search_term_string"}],"inLanguage":"fr-FR"},{"@type":"Organization","@id":"https:\/\/www.verreapresverre.com\/blog\/#organization","name":"Le Blog Verre Apr\u00e8s Verre","url":"https:\/\/www.verreapresverre.com\/blog\/","logo":{"@type":"ImageObject","inLanguage":"fr-FR","@id":"https:\/\/www.verreapresverre.com\/blog\/#\/schema\/logo\/image\/","url":"https:\/\/www.verreapresverre.com\/blog\/wp-content\/uploads\/2024\/02\/vav.jpg","contentUrl":"https:\/\/www.verreapresverre.com\/blog\/wp-content\/uploads\/2024\/02\/vav.jpg","width":112,"height":112,"caption":"Le Blog Verre Apr\u00e8s Verre"},"image":{"@id":"https:\/\/www.verreapresverre.com\/blog\/#\/schema\/logo\/image\/"},"sameAs":["https:\/\/www.facebook.com\/collectionverreapresverre"]}]}},"_links":{"self":[{"href":"https:\/\/www.verreapresverre.com\/blog\/wp-json\/wp\/v2\/pages\/2"}],"collection":[{"href":"https:\/\/www.verreapresverre.com\/blog\/wp-json\/wp\/v2\/pages"}],"about":[{"href":"https:\/\/www.verreapresverre.com\/blog\/wp-json\/wp\/v2\/types\/page"}],"author":[{"embeddable":true,"href":"https:\/\/www.verreapresverre.com\/blog\/wp-json\/wp\/v2\/users\/1"}],"replies":[{"embeddable":true,"href":"https:\/\/www.verreapresverre.com\/blog\/wp-json\/wp\/v2\/comments?post=2"}],"version-history":[{"count":5,"href":"https:\/\/www.verreapresverre.com\/blog\/wp-json\/wp\/v2\/pages\/2\/revisions"}],"predecessor-version":[{"id":729,"href":"https:\/\/www.verreapresverre.com\/blog\/wp-json\/wp\/v2\/pages\/2\/revisions\/729"}],"wp:featuredmedia":[{"embeddable":true,"href":"https:\/\/www.verreapresverre.com\/blog\/wp-json\/wp\/v2\/media\/35"}],"wp:attachment":[{"href":"https:\/\/www.verreapresverre.com\/blog\/wp-json\/wp\/v2\/media?parent=2"}],"wp:term":[{"taxonomy":"post_tag","embeddable":true,"href":"https:\/\/www.verreapresverre.com\/blog\/wp-json\/wp\/v2\/tags?post=2"}],"curies":[{"name":"wp","href":"https:\/\/api.w.org\/{rel}","templated":true}]}}